{"id":28,"date":"2025-07-01T10:05:28","date_gmt":"2025-07-01T02:05:28","guid":{"rendered":"https:\/\/or.mediengestaltung-bielefeld.de\/?page_id=28"},"modified":"2026-01-20T05:01:06","modified_gmt":"2026-01-19T21:01:06","slug":"legal-notice","status":"publish","type":"page","link":"https:\/\/oliversriff.com\/fr\/legal-notice\/","title":{"rendered":"Mentions l\u00e9gales"},"content":{"rendered":"<div class=\"wpb-content-wrapper\"><div class=\"vc_row wpb_row vc_row-fluid\"><div class=\"wpb_column vc_column_container vc_col-sm-12\"><div class=\"vc_column-inner\"><div class=\"wpb_wrapper\">\n\t<div class=\"wpb_text_column wpb_content_element\" >\n\t\t<div class=\"wpb_wrapper\">\n\t\t\t<p style=\"text-align: justify;\"><strong>Impressum<br \/>\n<img loading=\"lazy\" decoding=\"async\" class=\"wp-image-15 alignright\" src=\"https:\/\/oliversriff.com\/wp-content\/uploads\/logo.svg\" alt=\"Oliver's Riff Mamangal Beach Resort\" width=\"250\" height=\"250\" \/><\/strong><br \/>\nOlivers&#8217; Riff Mamangal Beach Resort<br \/>\nSitio Mamangal, Barangay Balite<br \/>\nVirac, Catanduanes<br \/>\nPhilippines<\/p>\n<p style=\"text-align: justify;\"><strong>Contact :<\/strong><br \/>\nT\u00e9l\u00e9phone : +63 527 402 580<br \/>\nE-mail : info@oliversriff.com<br \/>\nFacebook: <a href=\"https:\/\/www.facebook.com\/oliversriff\" target=\"_blank\" rel=\"noopener\">facebook.com\/oliversriff<\/a><br \/>\nSite web : www.oliversriff.com<\/p>\n<p style=\"text-align: justify;\"><strong>Enregistrement de l\u2019entreprise :<\/strong><br \/>\nEnregistrement du nom commercial DTI n\u00b0 7769061 (Philippines)<\/p>\n<p style=\"text-align: justify;\"><strong>Service des imp\u00f4ts :<\/strong><br \/>\nBIR TIN (Num\u00e9ro d\u2019identification fiscale) : 767-091-254<\/p>\n<p style=\"text-align: justify;\"><strong>Autorit\u00e9 de r\u00e9gulation :<\/strong><br \/>\nMunicipalit\u00e9 de Virac \u2013 Bureau des permis commerciaux et licences (BPLO)<br \/>\nOffice provincial du tourisme de Catanduanes<\/p>\n<p style=\"text-align: justify;\"><strong>Accr\u00e9ditation par le D\u00e9partement du Tourisme (DOT) :<\/strong><br \/>\nCet h\u00e9bergement est officiellement accr\u00e9dit\u00e9 par le D\u00e9partement du Tourisme des Philippines (DOT).<\/p>\n<p style=\"text-align: justify;\"><strong>Responsible for Website Content (Owner):<\/strong><br \/>\nOliver Klaus Putzke Brodowski<\/p>\n\n\t\t<\/div>\n\t<\/div>\n\n\t<div class=\"wpb_text_column wpb_content_element\" >\n\t\t<div class=\"wpb_wrapper\">\n\t\t\t<p style=\"text-align: justify;\"><strong>Clause de non-responsabilit\u00e9<\/strong><\/p>\n<p style=\"text-align: justify;\"><strong>Responsabilit\u00e9 du contenu<\/strong><br \/>\nEn tant que prestataire de services, nous sommes responsables de notre propre contenu sur ce site conform\u00e9ment aux lois applicables de la R\u00e9publique des Philippines. Nous nous effor\u00e7ons de garantir que les informations fournies sur ce site sont exactes et \u00e0 jour. Toutefois, nous ne garantissons ni l\u2019exhaustivit\u00e9, ni l\u2019exactitude, ni l\u2019actualit\u00e9 du contenu.<br \/>\nToute responsabilit\u00e9 pour des dommages r\u00e9sultant de l\u2019utilisation des informations fournies est exclue, sauf en cas de faute intentionnelle ou de n\u00e9gligence grave. D\u00e8s que nous aurons connaissance d\u2019une violation de la loi, nous retirerons imm\u00e9diatement le contenu concern\u00e9.<\/p>\n<p style=\"text-align: justify;\"><strong>Responsabilit\u00e9 des liens<\/strong><br \/>\nCe site peut contenir des liens vers des sites externes de tiers dont nous ne contr\u00f4lons pas le contenu. Par cons\u00e9quent, nous ne pouvons assumer aucune responsabilit\u00e9 pour ces contenus externes. Le fournisseur ou l\u2019exploitant des sites li\u00e9s est toujours responsable de leur contenu.<br \/>\nLes sites li\u00e9s ont \u00e9t\u00e9 v\u00e9rifi\u00e9s pour d\u2019\u00e9ventuelles violations de la loi au moment de la mise en lien. Une surveillance permanente du contenu li\u00e9 n\u2019est pas raisonnable sans indications concr\u00e8tes d\u2019une infraction. Si nous prenons connaissance de violations de la loi, ces liens seront imm\u00e9diatement supprim\u00e9s.<\/p>\n<p style=\"text-align: justify;\"><strong>Droit d\u2019auteur<\/strong><br \/>\nLe contenu et les \u0153uvres cr\u00e9\u00e9s par l\u2019exploitant de ce site sont soumis aux lois sur le droit d\u2019auteur applicables de la R\u00e9publique des Philippines ainsi qu\u2019aux r\u00e9glementations internationales en mati\u00e8re de droits d\u2019auteur. Toute reproduction, modification, distribution ou utilisation d\u00e9passant les limites du droit d\u2019auteur n\u00e9cessite l\u2019autorisation \u00e9crite pr\u00e9alable de l\u2019auteur concern\u00e9.<br \/>\nLes t\u00e9l\u00e9chargements et copies de ce site ne sont autoris\u00e9s que pour un usage priv\u00e9 et non commercial. Les contenus fournis par des tiers sont identifi\u00e9s comme tels. Si vous constatez une violation des droits d\u2019auteur, veuillez nous en informer. D\u00e8s que nous aurons connaissance d\u2019une infraction, nous supprimerons imm\u00e9diatement le contenu concern\u00e9.<\/p>\n\n\t\t<\/div>\n\t<\/div>\n<\/div><\/div><\/div><\/div>\n<\/div>","protected":false},"excerpt":{"rendered":"<p>Impressum Olivers&#8217; Riff Mamangal Beach Resort Sitio Mamangal, Barangay Balite Virac, Catanduanes Philippines Contact: Phone: +63 527 402 580 Mail: info@oliversriff.com Facebook: facebook.com\/oliversriff Web: www.oliversriff.com Business Registration: DTI Business Name Registration No. 7769061 (Philippines) Bureau of Internal Revenue: BIR TIN (Tax Identification Number): 767-091-254 Regulatory Authority: Municipality of Virac \u2013 Business Permits and Licensing Office&hellip;<\/p>","protected":false},"author":1,"featured_media":0,"parent":0,"menu_order":0,"comment_status":"closed","ping_status":"closed","template":"","meta":{"inline_featured_image":false,"footnotes":""},"class_list":["post-28","page","type-page","status-publish","hentry","description-off"],"_links":{"self":[{"href":"https:\/\/oliversriff.com\/fr\/wp-json\/wp\/v2\/pages\/28","targetHints":{"allow":["GET"]}}],"collection":[{"href":"https:\/\/oliversriff.com\/fr\/wp-json\/wp\/v2\/pages"}],"about":[{"href":"https:\/\/oliversriff.com\/fr\/wp-json\/wp\/v2\/types\/page"}],"author":[{"embeddable":true,"href":"https:\/\/oliversriff.com\/fr\/wp-json\/wp\/v2\/users\/1"}],"replies":[{"embeddable":true,"href":"https:\/\/oliversriff.com\/fr\/wp-json\/wp\/v2\/comments?post=28"}],"version-history":[{"count":6,"href":"https:\/\/oliversriff.com\/fr\/wp-json\/wp\/v2\/pages\/28\/revisions"}],"predecessor-version":[{"id":1163,"href":"https:\/\/oliversriff.com\/fr\/wp-json\/wp\/v2\/pages\/28\/revisions\/1163"}],"wp:attachment":[{"href":"https:\/\/oliversriff.com\/fr\/wp-json\/wp\/v2\/media?parent=28"}],"curies":[{"name":"wp","href":"https:\/\/api.w.org\/{rel}","templated":true}]}}