{"id":28,"date":"2025-07-01T10:05:28","date_gmt":"2025-07-01T02:05:28","guid":{"rendered":"https:\/\/or.mediengestaltung-bielefeld.de\/?page_id=28"},"modified":"2026-01-20T05:01:06","modified_gmt":"2026-01-19T21:01:06","slug":"legal-notice","status":"publish","type":"page","link":"https:\/\/oliversriff.com\/es\/legal-notice\/","title":{"rendered":"Aviso legal"},"content":{"rendered":"<div class=\"wpb-content-wrapper\"><div class=\"vc_row wpb_row vc_row-fluid\"><div class=\"wpb_column vc_column_container vc_col-sm-12\"><div class=\"vc_column-inner\"><div class=\"wpb_wrapper\">\n\t<div class=\"wpb_text_column wpb_content_element\" >\n\t\t<div class=\"wpb_wrapper\">\n\t\t\t<p style=\"text-align: justify;\"><strong>Impressum<br \/>\n<img loading=\"lazy\" decoding=\"async\" class=\"wp-image-15 alignright\" src=\"https:\/\/oliversriff.com\/wp-content\/uploads\/logo.svg\" alt=\"Oliver's Riff Mamangal Beach Resort\" width=\"250\" height=\"250\" \/><\/strong><br \/>\nOlivers&#8217; Riff Mamangal Beach Resort<br \/>\nSitio Mamangal, Barangay Balite<br \/>\nVirac, Catanduanes<br \/>\nFilipinas<\/p>\n<p style=\"text-align: justify;\"><strong>Contacto:<\/strong><br \/>\nTel\u00e9fono: +63 527 402 580<br \/>\nCorreo electr\u00f3nico: info@oliversriff.com<br \/>\nFacebook: <a href=\"https:\/\/www.facebook.com\/oliversriff\" target=\"_blank\" rel=\"noopener\">facebook.com\/oliversriff<\/a><br \/>\nWeb: www.oliversriff.com<\/p>\n<p style=\"text-align: justify;\"><strong>Registro comercial:<\/strong><br \/>\nRegistro del nombre comercial DTI n.\u00ba 7769061 (Filipinas)<\/p>\n<p style=\"text-align: justify;\"><strong>Oficina de Rentas Internas:<\/strong><br \/>\nBIR TIN (N\u00famero de Identificaci\u00f3n Tributaria): 767-091-254<\/p>\n<p style=\"text-align: justify;\"><strong>Autoridad reguladora:<\/strong><br \/>\nMunicipalidad de Virac \u2013 Oficina de Permisos Comerciales y Licencias (BPLO)<br \/>\nOficina Provincial de Turismo de Catanduanes<\/p>\n<p style=\"text-align: justify;\"><strong>Acreditaci\u00f3n por el Departamento de Turismo (DOT):<\/strong><br \/>\nEste alojamiento est\u00e1 oficialmente acreditado por el Departamento de Turismo de Filipinas (DOT).<\/p>\n<p style=\"text-align: justify;\"><strong>Responsible for Website Content (Owner):<\/strong><br \/>\nOliver Klaus Putzke Brodowski<\/p>\n\n\t\t<\/div>\n\t<\/div>\n\n\t<div class=\"wpb_text_column wpb_content_element\" >\n\t\t<div class=\"wpb_wrapper\">\n\t\t\t<p style=\"text-align: justify;\"><strong>Descargo de responsabilidad<\/strong><\/p>\n<p style=\"text-align: justify;\"><strong>Responsabilidad por el contenido<\/strong><br \/>\nComo proveedor de servicios, somos responsables de nuestro propio contenido en este sitio web de acuerdo con las leyes aplicables de la Rep\u00fablica de Filipinas. Nos esforzamos por asegurar que la informaci\u00f3n ofrecida en este sitio sea precisa y est\u00e9 actualizada. Sin embargo, no garantizamos la integridad, exactitud o actualidad del contenido.<br \/>\nSe excluye toda responsabilidad por da\u00f1os derivados del uso de la informaci\u00f3n proporcionada, a menos que hayan sido causados por conducta intencional o negligencia grave. En cuanto tengamos conocimiento de alguna infracci\u00f3n legal, eliminaremos de inmediato el contenido afectado.<\/p>\n<p style=\"text-align: justify;\"><strong>Responsabilidad por enlaces<\/strong><br \/>\nEste sitio puede contener enlaces a sitios web externos de terceros cuyo contenido no controlamos. Por ello, no podemos asumir ninguna responsabilidad por dichos contenidos externos. El proveedor u operador de los sitios enlazados es siempre responsable de su contenido.<br \/>\nLos sitios web enlazados fueron revisados en busca de posibles infracciones legales en el momento de crear el enlace. La supervisi\u00f3n permanente de los contenidos enlazados no es razonable sin indicios concretos de una infracci\u00f3n. Si llegamos a conocer alguna infracci\u00f3n legal, dichos enlaces ser\u00e1n eliminados de inmediato.<\/p>\n<p style=\"text-align: justify;\"><strong>Derechos de autor<\/strong><br \/>\nEl contenido y las obras creadas por el operador de este sitio web est\u00e1n sujetos a las leyes de derechos de autor aplicables de la Rep\u00fablica de Filipinas y a las normativas internacionales de derechos de autor. Cualquier reproducci\u00f3n, modificaci\u00f3n, distribuci\u00f3n o uso que exceda los l\u00edmites del derecho de autor requiere el consentimiento previo por escrito del autor correspondiente.<br \/>\nLas descargas y copias de este sitio web est\u00e1n permitidas \u00fanicamente para uso privado y no comercial. El contenido proporcionado por terceros est\u00e1 debidamente identificado. Si detecta una infracci\u00f3n de derechos de autor, le rogamos que nos lo comunique. En cuanto tengamos conocimiento de infracciones legales, eliminaremos de inmediato el contenido afectado.<\/p>\n\n\t\t<\/div>\n\t<\/div>\n<\/div><\/div><\/div><\/div>\n<\/div>","protected":false},"excerpt":{"rendered":"<p>Impressum Olivers&#8217; Riff Mamangal Beach Resort Sitio Mamangal, Barangay Balite Virac, Catanduanes Philippines Contact: Phone: +63 527 402 580 Mail: info@oliversriff.com Facebook: facebook.com\/oliversriff Web: www.oliversriff.com Business Registration: DTI Business Name Registration No. 7769061 (Philippines) Bureau of Internal Revenue: BIR TIN (Tax Identification Number): 767-091-254 Regulatory Authority: Municipality of Virac \u2013 Business Permits and Licensing Office&hellip;<\/p>","protected":false},"author":1,"featured_media":0,"parent":0,"menu_order":0,"comment_status":"closed","ping_status":"closed","template":"","meta":{"inline_featured_image":false,"footnotes":""},"class_list":["post-28","page","type-page","status-publish","hentry","description-off"],"_links":{"self":[{"href":"https:\/\/oliversriff.com\/es\/wp-json\/wp\/v2\/pages\/28","targetHints":{"allow":["GET"]}}],"collection":[{"href":"https:\/\/oliversriff.com\/es\/wp-json\/wp\/v2\/pages"}],"about":[{"href":"https:\/\/oliversriff.com\/es\/wp-json\/wp\/v2\/types\/page"}],"author":[{"embeddable":true,"href":"https:\/\/oliversriff.com\/es\/wp-json\/wp\/v2\/users\/1"}],"replies":[{"embeddable":true,"href":"https:\/\/oliversriff.com\/es\/wp-json\/wp\/v2\/comments?post=28"}],"version-history":[{"count":6,"href":"https:\/\/oliversriff.com\/es\/wp-json\/wp\/v2\/pages\/28\/revisions"}],"predecessor-version":[{"id":1163,"href":"https:\/\/oliversriff.com\/es\/wp-json\/wp\/v2\/pages\/28\/revisions\/1163"}],"wp:attachment":[{"href":"https:\/\/oliversriff.com\/es\/wp-json\/wp\/v2\/media?parent=28"}],"curies":[{"name":"wp","href":"https:\/\/api.w.org\/{rel}","templated":true}]}}