{"id":28,"date":"2025-07-01T10:05:28","date_gmt":"2025-07-01T02:05:28","guid":{"rendered":"https:\/\/or.mediengestaltung-bielefeld.de\/?page_id=28"},"modified":"2026-01-20T05:01:06","modified_gmt":"2026-01-19T21:01:06","slug":"legal-notice","status":"publish","type":"page","link":"https:\/\/oliversriff.com\/de\/legal-notice\/","title":{"rendered":"Impressum"},"content":{"rendered":"<div class=\"wpb-content-wrapper\"><div class=\"vc_row wpb_row vc_row-fluid\"><div class=\"wpb_column vc_column_container vc_col-sm-12\"><div class=\"vc_column-inner\"><div class=\"wpb_wrapper\">\n\t<div class=\"wpb_text_column wpb_content_element\" >\n\t\t<div class=\"wpb_wrapper\">\n\t\t\t<p style=\"text-align: justify;\"><strong>Impressum<br \/>\n<img loading=\"lazy\" decoding=\"async\" class=\"wp-image-15 alignright\" src=\"https:\/\/oliversriff.com\/wp-content\/uploads\/logo.svg\" alt=\"Oliver's Riff Mamangal Beach Resort\" width=\"250\" height=\"250\" \/><\/strong><br \/>\nOlivers&#8217; Riff Mamangal Beach Resort<br \/>\nSitio Mamangal, Barangay Balite<br \/>\nVirac, Catanduanes<br \/>\nPhilippinen<\/p>\n<p style=\"text-align: justify;\"><strong>Kontakt:<\/strong><br \/>\nTelefon: +63 527 402 580<br \/>\nE-Mail: info@oliversriff.com<br \/>\nFacebook: <a href=\"https:\/\/www.facebook.com\/oliversriff\" target=\"_blank\" rel=\"noopener\">facebook.com\/oliversriff<\/a><br \/>\nWeb: www.oliversriff.com<\/p>\n<p style=\"text-align: justify;\"><strong>Gesch\u00e4ftsregistrierung:<\/strong><br \/>\nDTI-Gesch\u00e4ftsnamensregistrierung Nr. 7769061 (Philippinen)<\/p>\n<p style=\"text-align: justify;\"><strong>Steuerbeh\u00f6rde:<\/strong><br \/>\nBIR TIN (Steueridentifikationsnummer): 767-091-254<\/p>\n<p style=\"text-align: justify;\"><strong>Aufsichtsbeh\u00f6rde:<\/strong><br \/>\nGemeinde Virac \u2013 Amt f\u00fcr Gesch\u00e4ftserlaubnisse und Lizenzen (BPLO)<br \/>\nTourismusb\u00fcro der Provinz Catanduanes<\/p>\n<p style=\"text-align: justify;\"><strong>Akkreditierung durch das Ministerium f\u00fcr Tourismus (DOT):<\/strong><br \/>\nDiese Unterkunft ist offiziell vom philippinischen Ministerium f\u00fcr Tourismus (DOT) akkreditiert.<\/p>\n<p style=\"text-align: justify;\"><strong>Responsible for Website Content (Owner):<\/strong><br \/>\nOliver Klaus Putzke Brodowski<\/p>\n\n\t\t<\/div>\n\t<\/div>\n\n\t<div class=\"wpb_text_column wpb_content_element\" >\n\t\t<div class=\"wpb_wrapper\">\n\t\t\t<p style=\"text-align: justify;\"><strong>Haftungsausschluss<\/strong><\/p>\n<p style=\"text-align: justify;\"><strong>Haftung f\u00fcr Inhalte<\/strong><br \/>\nAls Diensteanbieter sind wir gem\u00e4\u00df den geltenden Gesetzen der Republik der Philippinen f\u00fcr eigene Inhalte auf dieser Website verantwortlich. Wir bem\u00fchen uns, die bereitgestellten Informationen korrekt und aktuell zu halten. Dennoch \u00fcbernehmen wir keine Gew\u00e4hr f\u00fcr die Vollst\u00e4ndigkeit, Richtigkeit oder Aktualit\u00e4t der Inhalte.<br \/>\nEine Haftung f\u00fcr Sch\u00e4den, die aus der Nutzung der bereitgestellten Informationen entstehen, ist ausgeschlossen, sofern sie nicht auf vors\u00e4tzlichem Fehlverhalten oder grober Fahrl\u00e4ssigkeit beruhen. Sobald uns Rechtsverletzungen bekannt werden, entfernen wir die betroffenen Inhalte umgehend.<\/p>\n<p style=\"text-align: justify;\"><strong>Haftung f\u00fcr Links<\/strong><br \/>\nDiese Website kann Links zu externen Websites Dritter enthalten, auf deren Inhalte wir keinen Einfluss haben. Daher k\u00f6nnen wir f\u00fcr diese externen Inhalte keine Haftung \u00fcbernehmen. F\u00fcr die Inhalte der verlinkten Seiten ist stets der jeweilige Anbieter oder Betreiber verantwortlich.<br \/>\nDie verlinkten Websites wurden zum Zeitpunkt der Verlinkung auf m\u00f6gliche Rechtsverst\u00f6\u00dfe \u00fcberpr\u00fcft. Eine permanente \u00dcberwachung der verlinkten Inhalte ist ohne konkrete Anhaltspunkte f\u00fcr eine Rechtsverletzung nicht zumutbar. Wenn wir Kenntnis von Rechtsverletzungen erlangen, werden derartige Links umgehend entfernt.<\/p>\n<p style=\"text-align: justify;\"><strong>Urheberrecht<\/strong><br \/>\nDie auf dieser Website vom Betreiber erstellten Inhalte und Werke unterliegen den geltenden Urheberrechtsgesetzen der Republik der Philippinen sowie internationalen Urheberrechtsbestimmungen. Jede Vervielf\u00e4ltigung, Bearbeitung, Verbreitung oder Nutzung \u00fcber die Grenzen des Urheberrechts hinaus erfordert die vorherige schriftliche Zustimmung des jeweiligen Urhebers.<br \/>\nDownloads und Kopien dieser Website sind ausschlie\u00dflich f\u00fcr den privaten, nicht kommerziellen Gebrauch gestattet. Von Dritten bereitgestellte Inhalte sind entsprechend gekennzeichnet. Wenn Sie eine Urheberrechtsverletzung feststellen, bitten wir um einen entsprechenden Hinweis. Sobald wir von Rechtsverletzungen Kenntnis erlangen, entfernen wir die betroffenen Inhalte umgehend.<\/p>\n\n\t\t<\/div>\n\t<\/div>\n<\/div><\/div><\/div><\/div>\n<\/div>","protected":false},"excerpt":{"rendered":"<p>Impressum Olivers&#8217; Riff Mamangal Beach Resort Sitio Mamangal, Barangay Balite Virac, Catanduanes Philippines Contact: Phone: +63 527 402 580 Mail: info@oliversriff.com Facebook: facebook.com\/oliversriff Web: www.oliversriff.com Business Registration: DTI Business Name Registration No. 7769061 (Philippines) Bureau of Internal Revenue: BIR TIN (Tax Identification Number): 767-091-254 Regulatory Authority: Municipality of Virac \u2013 Business Permits and Licensing Office&hellip;<\/p>","protected":false},"author":1,"featured_media":0,"parent":0,"menu_order":0,"comment_status":"closed","ping_status":"closed","template":"","meta":{"inline_featured_image":false,"footnotes":""},"class_list":["post-28","page","type-page","status-publish","hentry","description-off"],"_links":{"self":[{"href":"https:\/\/oliversriff.com\/de\/wp-json\/wp\/v2\/pages\/28","targetHints":{"allow":["GET"]}}],"collection":[{"href":"https:\/\/oliversriff.com\/de\/wp-json\/wp\/v2\/pages"}],"about":[{"href":"https:\/\/oliversriff.com\/de\/wp-json\/wp\/v2\/types\/page"}],"author":[{"embeddable":true,"href":"https:\/\/oliversriff.com\/de\/wp-json\/wp\/v2\/users\/1"}],"replies":[{"embeddable":true,"href":"https:\/\/oliversriff.com\/de\/wp-json\/wp\/v2\/comments?post=28"}],"version-history":[{"count":6,"href":"https:\/\/oliversriff.com\/de\/wp-json\/wp\/v2\/pages\/28\/revisions"}],"predecessor-version":[{"id":1163,"href":"https:\/\/oliversriff.com\/de\/wp-json\/wp\/v2\/pages\/28\/revisions\/1163"}],"wp:attachment":[{"href":"https:\/\/oliversriff.com\/de\/wp-json\/wp\/v2\/media?parent=28"}],"curies":[{"name":"wp","href":"https:\/\/api.w.org\/{rel}","templated":true}]}}